{"id":530,"date":"2013-10-30T09:59:43","date_gmt":"2013-10-30T08:59:43","guid":{"rendered":"https:\/\/workinged.nl\/voor-kandidaten-2\/"},"modified":"2017-09-12T07:00:26","modified_gmt":"2017-09-12T05:00:26","slug":"fur-kandidaten","status":"publish","type":"page","link":"https:\/\/www.workinged.nl\/de\/fur-kandidaten\/","title":{"rendered":"F\u00fcr Kandidaten"},"content":{"rendered":"<h1>\n\t<\/h1>\n<p>WorkingED ist spezialisiert auf die proaktive Rekrutierung und Auswahl von hochqualifizierten und qualifizierten Fachleuten f\u00fcr die Industrie in Deutschland, den Niederlanden und Belgien. Durch unsere langj\u00e4hrige Erfahrung in den jeweiligen L\u00e4ndern verf\u00fcgen wir \u00fcber ein umfangreiches Netzwerk. Wir stellen die richtigen Kan\u00e4le effektiv auf, um eine Position zu suchen, die am besten zum Kandidaten passt.<\/p>\n<p>In einer offenen und informellen Atmosph\u00e4re, werden wir mit den Kandidaten seine W\u00fcnsche und Vorstellungen besprechen. Basierend auf diesem Gespr\u00e4ch machen wir konkrete Vereinbarungen \u00fcber das, was WorkingED tun wird und in welchem Zeitrahmen es stattfindet. Der Kandidat wird immer informiert. Wenn es keine Optionen gibt wird dies ebenfalls besprochen. Die Geschwindigkeit, Klarheit und Offenheit ist uns dabei sehr wichtig.<\/p>\n<p>Unsere Kandidaten bewegen sich in der Regel zu einem zweiten, dritten oder vierten Schritt in ihrer Laufbahn (Karriere). Sie haben in der Regel einen Bachelor- und \/ oder Hochschulausbildung (Universit\u00e4t) und \/ oder einschl\u00e4gige Berufserfahrung. Sie zeichnen sich aus durch ihren Antrieb, Wissen in ihrem Fachgebiet und Ehrgeiz. Ihre Wahl den Job zu wechseln wird oft durch die Perspektive, dem internationalen Charakter oder den Stelleninhalt bestimmt. Finanzielle Gr\u00fcnde sind nicht das Leitmotiv eines n\u00e4chsten Karriereschritts.<\/p>\n<p>WorkingED wird die Bewerbung diskret bearbeiten. Auch wird WorkingED ohne Zustimmung keine Informationen an einen Kunden oder Dritten weiterleiten.<\/p>\n<h3>M\u00f6chten Sie der n\u00e4chste Kandidat sein, mit dem wir eine neue Position erfolgreich besetzen?<\/h3>\n<p>Dann kontaktieren Sie uns!<\/p>\n<p>\t\t\t<a href=\"https:\/\/workinged.nl\/de\/kontaktt\/\" target=\"_self\" role=\"button\"><br \/>\n\t\t\t\t\t\t\tKontakt<br \/>\n\t\t\t\t\t<\/a><\/p>\n","protected":false},"excerpt":{"rendered":"<p>WorkingED ist spezialisiert auf die proaktive Rekrutierung und Auswahl von hochqualifizierten und qualifizierten Fachleuten f\u00fcr die Industrie in Deutschland, den Niederlanden und Belgien. Durch unsere langj\u00e4hrige Erfahrung in den jeweiligen L\u00e4ndern verf\u00fcgen wir \u00fcber ein umfangreiches Netzwerk. Wir stellen die richtigen Kan\u00e4le effektiv auf, um eine Position zu suchen, die am besten zum Kandidaten passt. &#8230; <a title=\"F\u00fcr Kandidaten\" class=\"read-more\" href=\"https:\/\/www.workinged.nl\/de\/fur-kandidaten\/\" aria-label=\"Mehr dazu unter F\u00fcr Kandidaten\">Weiterlesen<\/a><\/p>\n","protected":false},"author":1001002,"featured_media":0,"parent":0,"menu_order":19,"comment_status":"closed","ping_status":"closed","template":"","meta":{"generate_page_header":"","footnotes":""},"class_list":["post-530","page","type-page","status-publish"],"_links":{"self":[{"href":"https:\/\/www.workinged.nl\/de\/wp-json\/wp\/v2\/pages\/530","targetHints":{"allow":["GET"]}}],"collection":[{"href":"https:\/\/www.workinged.nl\/de\/wp-json\/wp\/v2\/pages"}],"about":[{"href":"https:\/\/www.workinged.nl\/de\/wp-json\/wp\/v2\/types\/page"}],"author":[{"embeddable":true,"href":"https:\/\/www.workinged.nl\/de\/wp-json\/wp\/v2\/users\/1001002"}],"replies":[{"embeddable":true,"href":"https:\/\/www.workinged.nl\/de\/wp-json\/wp\/v2\/comments?post=530"}],"version-history":[{"count":0,"href":"https:\/\/www.workinged.nl\/de\/wp-json\/wp\/v2\/pages\/530\/revisions"}],"wp:attachment":[{"href":"https:\/\/www.workinged.nl\/de\/wp-json\/wp\/v2\/media?parent=530"}],"curies":[{"name":"wp","href":"https:\/\/api.w.org\/{rel}","templated":true}]}}