{"id":536,"date":"2013-10-30T10:31:19","date_gmt":"2013-10-30T09:31:19","guid":{"rendered":"https:\/\/workinged.nl\/open-sollicitatie-2\/"},"modified":"2017-09-27T14:59:34","modified_gmt":"2017-09-27T12:59:34","slug":"online-bewerbung","status":"publish","type":"page","link":"https:\/\/www.workinged.nl\/de\/online-bewerbung\/","title":{"rendered":"Online Bewerbung"},"content":{"rendered":"<h1>\n\t<\/h1>\n<p>Unsere Kandidaten bewegen sich in der Regel zu einem zweiten, dritten oder vierten Schritt in ihrer Laufbahn (Karriere). Sie haben in der Regel einen Bachelor- und \/ oder Hochschulausbildung (Universit\u00e4t) und \/ oder einschl\u00e4gige Berufserfahrung. Sie zeichnen sich aus durch ihren Antrieb, Wissen in ihrem Fachgebiet und Ehrgeiz. Ihre Wahl den Job zu wechseln wird oft durch die Perspektive, dem internationalen Charakter oder den Stelleninhalt bestimmt. Finanzielle Gr\u00fcnde sind nicht das Leitmotiv eines n\u00e4chsten Karriereschritts.<\/p>\n<p>Erkennen Sie sich in diesem Profil? Bitte senden Sie Ihren aktuellen Lebenslauf mit einer kurzen Motivation an: info@WorkingED.eu. Wir m\u00f6chten von Ihnen h\u00f6ren, was Sie suchen, ab wann Sie verf\u00fcgbar sind und wo Ihre Gehaltsvorstellungen sind. Innerhalb von zwei Arbeitstagen erhalten Sie eine R\u00fcckmeldung.<\/p>\n<h3>Sind Sie startklar f\u00fcr den n\u00e4chsten Karriereschritt?<\/h3>\n<p>Dann kontaktieren Sie uns!<\/p>\n<p>\t\t\t<a href=\"https:\/\/workinged.nl\/de\/kontaktt\/\" target=\"_self\" role=\"button\"><br \/>\n\t\t\t\t\t\t\tKontakt<br \/>\n\t\t\t\t\t<\/a><\/p>\n","protected":false},"excerpt":{"rendered":"<p>Unsere Kandidaten bewegen sich in der Regel zu einem zweiten, dritten oder vierten Schritt in ihrer Laufbahn (Karriere). Sie haben in der Regel einen Bachelor- und \/ oder Hochschulausbildung (Universit\u00e4t) und \/ oder einschl\u00e4gige Berufserfahrung. Sie zeichnen sich aus durch ihren Antrieb, Wissen in ihrem Fachgebiet und Ehrgeiz. Ihre Wahl den Job zu wechseln wird &#8230; <a title=\"Online Bewerbung\" class=\"read-more\" href=\"https:\/\/www.workinged.nl\/de\/online-bewerbung\/\" aria-label=\"Mehr dazu unter Online Bewerbung\">Weiterlesen<\/a><\/p>\n","protected":false},"author":1001002,"featured_media":0,"parent":0,"menu_order":25,"comment_status":"closed","ping_status":"closed","template":"","meta":{"generate_page_header":"","footnotes":""},"class_list":["post-536","page","type-page","status-publish"],"_links":{"self":[{"href":"https:\/\/www.workinged.nl\/de\/wp-json\/wp\/v2\/pages\/536","targetHints":{"allow":["GET"]}}],"collection":[{"href":"https:\/\/www.workinged.nl\/de\/wp-json\/wp\/v2\/pages"}],"about":[{"href":"https:\/\/www.workinged.nl\/de\/wp-json\/wp\/v2\/types\/page"}],"author":[{"embeddable":true,"href":"https:\/\/www.workinged.nl\/de\/wp-json\/wp\/v2\/users\/1001002"}],"replies":[{"embeddable":true,"href":"https:\/\/www.workinged.nl\/de\/wp-json\/wp\/v2\/comments?post=536"}],"version-history":[{"count":0,"href":"https:\/\/www.workinged.nl\/de\/wp-json\/wp\/v2\/pages\/536\/revisions"}],"wp:attachment":[{"href":"https:\/\/www.workinged.nl\/de\/wp-json\/wp\/v2\/media?parent=536"}],"curies":[{"name":"wp","href":"https:\/\/api.w.org\/{rel}","templated":true}]}}