{"id":542,"date":"2013-10-30T10:22:41","date_gmt":"2013-10-30T09:22:41","guid":{"rendered":"https:\/\/workinged.nl\/executive-search-werving-selectie-2\/"},"modified":"2017-09-27T14:57:18","modified_gmt":"2017-09-27T12:57:18","slug":"executive-search-direktvermittlung","status":"publish","type":"page","link":"https:\/\/www.workinged.nl\/de\/executive-search-direktvermittlung\/","title":{"rendered":"Executive Search \/ Direktvermittlung"},"content":{"rendered":"<h1>\n\t<\/h1>\n<p>WorkingED Executive Search wird durch Vertrauen und eine sehr proaktive Haltung gegen\u00fcber dem Arbeitsmarkt gekennzeichnet. Unsere Kandidaten bewegen sich in der Regel zu einem zweiten, dritten oder vierten Schritt ihrer Laufbahn (Karriere). Sie haben in der Regel einen Bachelor- und \/ oder Hochschulabschluss (Universit\u00e4t) und \/ oder einschl\u00e4gige Berufserfahrung. Sie zeichnen sich aus durch ihren Antrieb, Wissen in ihrem Fachgebiet und Ehrgeiz. Ihre Wahl den Job zu wechseln wird oft durch die Perspektive, dem internationalen Charakter oder den Stelleninhalt bestimmt. Finanzielle Gr\u00fcnde sind nicht das Leitmotiv eines n\u00e4chsten Karriereschritts.<\/p>\n<p>Unsere Kandidaten liegen mit ihrem Gehalt zwischen \u20ac 35.000,- und \u20ac 120.000,- brutto pro Jahr.<\/p>\n<p>Haben Sie eine Stelle zu besetzen? Leiten Sie das Profil oder die Anfrage gerne an: info@Workinged.de weiter.<\/p>\n<p>Wir rufen Sie dann an um zu besprechen, ob wir der richtige Partner f\u00fcr diesen Job sind.<br \/>\nWenn dies der Fall ist werden wir mit Ihnen einen pers\u00f6nlichen Termin vereinbaren.<\/p>\n<p>In diesem Termin besprechen wir das bereits etablierte Profil, Pers\u00f6nlichkeit (Soft Skills) der Kandidaten, die Kultur der Organisation und Aktualit\u00e4ten der Organisation. Wenn m\u00f6glich, w\u00fcrden wir gerne einen kurzen Rundgang durch das Unternehmen machen. So bekommen wir ein vollst\u00e4ndiges Bild Ihrer Organisation. WorkingED wird diese Info f\u00fcr eine attraktive Kommunikation auf dem Arbeitsmarkt benutzen.<\/p>\n<p>Wenn sich herausstellt, dass WorkingED eine Position nicht besetzen kann, werden wir dies direkt besprechen und Ihnen die Gr\u00fcnde daf\u00fcr geben. In R\u00fccksprache mit Ihnen besprechen wir die M\u00f6glichkeiten, die WorkingED nutzt, um die Position zu besetzen.<\/p>\n<p>Wir sprechen unsere regionalen und internationalen Netzwerke proaktiv an. In dieser Phase erhalten Sie ein w\u00f6chentliches Update \u00fcber den Fortschritt des Verfahrens.<\/p>\n<p>Generell kann man innerhalb von 2 bis 3 Wochen Vorschl\u00e4ge (Profile) von Kandidaten erwarten.<\/p>\n<p>WorkingED begleitet seine Kunden und Kandidaten im Auswahlprozess. Sowohl die Interessen unserer Kunden und der Kandidaten sind uns wichtig.<\/p>\n<p>Es ist unsere Spezialit\u00e4t den richtigen Match zu machen. Wir benutzen unsere Branchenkenntnis, Einf\u00fchlungsverm\u00f6gen, soziale Kompetenz und kombinieren diese mit hoher Geschwindigkeit und Qualit\u00e4t.<\/p>\n<p>Ein kurzer \u00dcberblick \u00fcber unseren Ablauf:<\/p>\n<ul>\n<li>einen pers\u00f6nlichen Termin beim Kunden, bei dem wir das Suchprofil besprechen<\/li>\n<li>Eine klares Angebot<\/li>\n<li>Proaktive Ansprache potentieller Kandidaten<\/li>\n<li>Erste Auswahl unter Ber\u00fccksichtigung harter Kriterien<\/li>\n<li>Zweite Auswahl durch ein telefonisches Interview<\/li>\n<li>Dritte Auswahl durch ein pers\u00f6nliches Interview<\/li>\n<li>Die endg\u00fcltige Auswahl und Vorschlag von zwei oder mehr Kandidaten<\/li>\n<li>Interviews beim Kunden Vorort<\/li>\n<li>Unterst\u00fctzung bei der Auswahl und Beratung von Auftraggeber und Kandidat<\/li>\n<li>Wenn eine endg\u00fcltige Platzierung stattfindet, kontaktieren wir nach einem Monat und nach sechs Monaten den Kandidaten und den Auftraggeber, um zu h\u00f6ren ob beide mit der Situation zufrieden sind<\/li>\n<\/ul>\n<h3>Lassen Sie uns den Match machen?<\/h3>\n<p>Dann kontaktieren Sie uns!<\/p>\n<p>\t\t\t<a href=\"https:\/\/workinged.nl\/de\/kontaktt\/\" target=\"_self\" role=\"button\"><br \/>\n\t\t\t\t\t\t\tKontakt<br \/>\n\t\t\t\t\t<\/a><\/p>\n","protected":false},"excerpt":{"rendered":"<p>WorkingED Executive Search wird durch Vertrauen und eine sehr proaktive Haltung gegen\u00fcber dem Arbeitsmarkt gekennzeichnet. Unsere Kandidaten bewegen sich in der Regel zu einem zweiten, dritten oder vierten Schritt ihrer Laufbahn (Karriere). Sie haben in der Regel einen Bachelor- und \/ oder Hochschulabschluss (Universit\u00e4t) und \/ oder einschl\u00e4gige Berufserfahrung. Sie zeichnen sich aus durch ihren &#8230; <a title=\"Executive Search \/ Direktvermittlung\" class=\"read-more\" href=\"https:\/\/www.workinged.nl\/de\/executive-search-direktvermittlung\/\" aria-label=\"Mehr dazu unter Executive Search \/ Direktvermittlung\">Weiterlesen<\/a><\/p>\n","protected":false},"author":1001002,"featured_media":0,"parent":0,"menu_order":10,"comment_status":"closed","ping_status":"closed","template":"","meta":{"generate_page_header":"","footnotes":""},"class_list":["post-542","page","type-page","status-publish"],"_links":{"self":[{"href":"https:\/\/www.workinged.nl\/de\/wp-json\/wp\/v2\/pages\/542","targetHints":{"allow":["GET"]}}],"collection":[{"href":"https:\/\/www.workinged.nl\/de\/wp-json\/wp\/v2\/pages"}],"about":[{"href":"https:\/\/www.workinged.nl\/de\/wp-json\/wp\/v2\/types\/page"}],"author":[{"embeddable":true,"href":"https:\/\/www.workinged.nl\/de\/wp-json\/wp\/v2\/users\/1001002"}],"replies":[{"embeddable":true,"href":"https:\/\/www.workinged.nl\/de\/wp-json\/wp\/v2\/comments?post=542"}],"version-history":[{"count":0,"href":"https:\/\/www.workinged.nl\/de\/wp-json\/wp\/v2\/pages\/542\/revisions"}],"wp:attachment":[{"href":"https:\/\/www.workinged.nl\/de\/wp-json\/wp\/v2\/media?parent=542"}],"curies":[{"name":"wp","href":"https:\/\/api.w.org\/{rel}","templated":true}]}}