{"id":547,"date":"2013-10-30T10:25:16","date_gmt":"2013-10-30T09:25:16","guid":{"rendered":"https:\/\/workinged.nl\/recruitment-per-hour-2\/"},"modified":"2017-10-03T14:27:52","modified_gmt":"2017-10-03T12:27:52","slug":"recruitment-dienstleistungen","status":"publish","type":"page","link":"https:\/\/www.workinged.nl\/de\/recruitment-dienstleistungen\/","title":{"rendered":"Recruitment Dienstleistungen"},"content":{"rendered":"<h1>\n\t<\/h1>\n<p>Unsere Berater sind erfahrene Recruitmentspezialisten. In einer Situation mit geringer Arbeitslosigkeit spielt das Recruitment eine wesentliche Rolle. Wir bereiten einen attraktiven Anzeigentext vor und sorgen daf\u00fcr, dass die richtige Zielgruppe angesprochen wird. Wir sorgen auch f\u00fcr eine ordnungsgem\u00e4\u00dfe Kommunikation mit den Bewerbern.<\/p>\n<p>Unsere Recruiter beraten und unterst\u00fctzen Sie (vor\u00fcbergehend) in Ihrem Recruiting-Prozess. Sie fungieren als Personalvermittler der Organisation, zum Beispiel im Falle von Auftragsspitzen, Krankheit oder Schwangerschaft.<\/p>\n<p>In der Praxis k\u00f6nnen wir uns auch um Teilaufgaben wie die Vorbereitung eines Anzeigentextes, die Vorauswahl der Bewerber und \/ oder zeitnahe Ablehnung von Kandidaten k\u00fcmmern. Wir k\u00f6nnen aber auch die gesamte Einstellung und den Auswahl-Prozess vom Anfang bis zur Einstellung liefern.<\/p>\n<p>Unsere Vorgehensweise besprechen wir mit dem Kunden. Der Kunde zahlt nur die geleisteten Stunden, die unsere Recruiter ben\u00f6tigt haben, um aktiv f\u00fcr den Kunden zu suchen. Die zus\u00e4tzlichen Kosten, die im Recruiting-Prozess entstehen k\u00f6nnen, einschlie\u00dflich Kosten f\u00fcr Werbung, B\u00fcromaterial, Reisekosten werden vom Kunden getragen.<\/p>\n<h3>D\u00fcrfen wir Ihnen bei Ihrem Recruitings-Prozess helfen?<\/h3>\n<p>Dann kontaktieren Sie uns!<\/p>\n<p>\t\t\t<a href=\"https:\/\/workinged.nl\/de\/kontaktt\/\" target=\"_self\" role=\"button\"><br \/>\n\t\t\t\t\t\t\tKontakt<br \/>\n\t\t\t\t\t<\/a><\/p>\n","protected":false},"excerpt":{"rendered":"<p>Unsere Berater sind erfahrene Recruitmentspezialisten. In einer Situation mit geringer Arbeitslosigkeit spielt das Recruitment eine wesentliche Rolle. Wir bereiten einen attraktiven Anzeigentext vor und sorgen daf\u00fcr, dass die richtige Zielgruppe angesprochen wird. Wir sorgen auch f\u00fcr eine ordnungsgem\u00e4\u00dfe Kommunikation mit den Bewerbern. Unsere Recruiter beraten und unterst\u00fctzen Sie (vor\u00fcbergehend) in Ihrem Recruiting-Prozess. Sie fungieren als &#8230; <a title=\"Recruitment Dienstleistungen\" class=\"read-more\" href=\"https:\/\/www.workinged.nl\/de\/recruitment-dienstleistungen\/\" aria-label=\"Mehr dazu unter Recruitment Dienstleistungen\">Weiterlesen<\/a><\/p>\n","protected":false},"author":1001002,"featured_media":0,"parent":0,"menu_order":38,"comment_status":"closed","ping_status":"closed","template":"","meta":{"generate_page_header":"","footnotes":""},"class_list":["post-547","page","type-page","status-publish"],"_links":{"self":[{"href":"https:\/\/www.workinged.nl\/de\/wp-json\/wp\/v2\/pages\/547","targetHints":{"allow":["GET"]}}],"collection":[{"href":"https:\/\/www.workinged.nl\/de\/wp-json\/wp\/v2\/pages"}],"about":[{"href":"https:\/\/www.workinged.nl\/de\/wp-json\/wp\/v2\/types\/page"}],"author":[{"embeddable":true,"href":"https:\/\/www.workinged.nl\/de\/wp-json\/wp\/v2\/users\/1001002"}],"replies":[{"embeddable":true,"href":"https:\/\/www.workinged.nl\/de\/wp-json\/wp\/v2\/comments?post=547"}],"version-history":[{"count":0,"href":"https:\/\/www.workinged.nl\/de\/wp-json\/wp\/v2\/pages\/547\/revisions"}],"wp:attachment":[{"href":"https:\/\/www.workinged.nl\/de\/wp-json\/wp\/v2\/media?parent=547"}],"curies":[{"name":"wp","href":"https:\/\/api.w.org\/{rel}","templated":true}]}}