{"id":550,"date":"2013-10-30T10:26:14","date_gmt":"2013-10-30T09:26:14","guid":{"rendered":"https:\/\/workinged.nl\/hr-consultancy-interimopdrachten-2\/"},"modified":"2017-09-12T07:21:45","modified_gmt":"2017-09-12T05:21:45","slug":"consultancy-projektarbeit","status":"publish","type":"page","link":"https:\/\/www.workinged.nl\/de\/consultancy-projektarbeit\/","title":{"rendered":"Consultancy &#038; Projektarbeit"},"content":{"rendered":"<h1>\n\t<\/h1>\n<p>WorkingED verf\u00fcgt \u00fcber ein gro\u00dfes internationales Netzwerk von erfahrenen Fach- und F\u00fchrungskr\u00e4ften in verschiedenen Bereichen wie Personalwesen, Finance &amp; Control, IT, Engineering, Management, Logistik und Supply Chain. Sie hinterlassen oft einen Hauch frischer Luft oder helfen komplexe Prozesse zu vereinfachen.<\/p>\n<h3>Brauchen Sie vor\u00fcbergehend Unterst\u00fctzung?<\/h3>\n<p>Dann kontaktieren Sie uns!<\/p>\n<p>\t\t\t<a href=\"https:\/\/workinged.nl\/de\/kontaktt\/\" target=\"_self\" role=\"button\"><br \/>\n\t\t\t\t\t\t\tKontakt<br \/>\n\t\t\t\t\t<\/a><\/p>\n","protected":false},"excerpt":{"rendered":"<p>WorkingED verf\u00fcgt \u00fcber ein gro\u00dfes internationales Netzwerk von erfahrenen Fach- und F\u00fchrungskr\u00e4ften in verschiedenen Bereichen wie Personalwesen, Finance &amp; Control, IT, Engineering, Management, Logistik und Supply Chain. Sie hinterlassen oft einen Hauch frischer Luft oder helfen komplexe Prozesse zu vereinfachen. Brauchen Sie vor\u00fcbergehend Unterst\u00fctzung? Dann kontaktieren Sie uns! Kontakt<\/p>\n","protected":false},"author":1001002,"featured_media":0,"parent":0,"menu_order":6,"comment_status":"closed","ping_status":"closed","template":"","meta":{"generate_page_header":"","footnotes":""},"class_list":["post-550","page","type-page","status-publish"],"_links":{"self":[{"href":"https:\/\/www.workinged.nl\/de\/wp-json\/wp\/v2\/pages\/550","targetHints":{"allow":["GET"]}}],"collection":[{"href":"https:\/\/www.workinged.nl\/de\/wp-json\/wp\/v2\/pages"}],"about":[{"href":"https:\/\/www.workinged.nl\/de\/wp-json\/wp\/v2\/types\/page"}],"author":[{"embeddable":true,"href":"https:\/\/www.workinged.nl\/de\/wp-json\/wp\/v2\/users\/1001002"}],"replies":[{"embeddable":true,"href":"https:\/\/www.workinged.nl\/de\/wp-json\/wp\/v2\/comments?post=550"}],"version-history":[{"count":0,"href":"https:\/\/www.workinged.nl\/de\/wp-json\/wp\/v2\/pages\/550\/revisions"}],"wp:attachment":[{"href":"https:\/\/www.workinged.nl\/de\/wp-json\/wp\/v2\/media?parent=550"}],"curies":[{"name":"wp","href":"https:\/\/api.w.org\/{rel}","templated":true}]}}