{"id":553,"date":"2013-09-17T13:58:09","date_gmt":"2013-09-17T13:58:09","guid":{"rendered":"https:\/\/workinged.nl\/over-workinged-2\/"},"modified":"2017-09-11T16:12:34","modified_gmt":"2017-09-11T14:12:34","slug":"uber-workinged","status":"publish","type":"page","link":"https:\/\/www.workinged.nl\/de\/uber-workinged\/","title":{"rendered":"\u00dcber WorkingED"},"content":{"rendered":"<h1>\n\t<\/h1>\n<p>WorkingED hat \u00fcber 15 Jahre Erfahrung im Bereich der Executive Search, Recruitment und als HR Business Partner im internationalen und multikulturellen Umfeld in verschiedenen Bereichen (Logistik, Kundendienst, Automobilindustrie, Maschinenbau, Versandhandel, Executive Search, chemische und pharmazeutische). WorkingED konzentriert sich in den letzten Jahren insbesondere auf die Industrie in Deutschland, den Niederlanden und Belgien.<\/p>\n<p>Durch unsere eigene Erfahrung als HR Business Partner sind wir in der Lage auf die Bed\u00fcrfnisse der Kunden zu reagieren. Hier ein paar Dinge, die uns wichtig sind:<\/p>\n<ul>\n<li>Ehrlichkeit und Zuverl\u00e4ssigkeit<\/li>\n<li>Geschwindigkeit und Qualit\u00e4t<\/li>\n<li>Gleichstellung in der Zusammenarbeit<\/li>\n<li>Rechtzeitige Kommunikation<\/li>\n<li>Kosteneffizientes Arbeiten<\/li>\n<\/ul>\n<p>Ihr Managing Consultant verf\u00fcgt \u00fcber eine 168-Stunden-Mentalit\u00e4t. Sie k\u00f6nnen ihn 24 Stunden pro Tag kontaktieren, um wichtige Angelegenheiten zu besprechen.<br \/>\nWenn wir nicht erreichbar sind, werden Sie schnellst m\u00f6glich zur\u00fcck rufen. Das hei\u00dft nicht, dass wir 24 Stunden am Tag arbeiten. In unserer Arbeit streben wir eine gute Balance zwischen Arbeit und Privatleben. Es w\u00e4re daher gut m\u00f6glich, dass sich an einem Tag um 10.00 Uhr bei der Tanzstunde unserer Kinder sind und am gleichen Tag um 19.00 Uhr ein Interview mit einem Kandidaten in K\u00f6ln durchf\u00fchren.<\/p>\n<p>Das @ (ED) &#8211; Zeichen und die Farbe Rot sind zentral f\u00fcr WorkingED.<\/p>\n<p>Die Eigenschaften passend zur Farbe Rot sind nach Meinung von Farbe-experten:<\/p>\n<ul>\n<li>Setzt sich durch, k\u00e4mpft<\/li>\n<li>Ausdauer<\/li>\n<li>Einstellung \u201eAlles oder Nichts\u201c<\/li>\n<li>Energiegeladen<\/li>\n<li>Mit Leidenschaft und Liebe<\/li>\n<li>Entschlossen<\/li>\n<li>Tapfer<\/li>\n<li>Gr\u00fcndlich, durchdringend bis auf den Kern<\/li>\n<li>Loyal<\/li>\n<li>Gef\u00fchlsbetont<\/li>\n<li>Adrem agierend<\/li>\n<\/ul>\n<p>Das ist WorkingED!<\/p>\n","protected":false},"excerpt":{"rendered":"<p>WorkingED hat \u00fcber 15 Jahre Erfahrung im Bereich der Executive Search, Recruitment und als HR Business Partner im internationalen und multikulturellen Umfeld in verschiedenen Bereichen (Logistik, Kundendienst, Automobilindustrie, Maschinenbau, Versandhandel, Executive Search, chemische und pharmazeutische). WorkingED konzentriert sich in den letzten Jahren insbesondere auf die Industrie in Deutschland, den Niederlanden und Belgien. Durch unsere eigene &#8230; <a title=\"\u00dcber WorkingED\" class=\"read-more\" href=\"https:\/\/www.workinged.nl\/de\/uber-workinged\/\" aria-label=\"Mehr dazu unter \u00dcber WorkingED\">Weiterlesen<\/a><\/p>\n","protected":false},"author":1001002,"featured_media":0,"parent":0,"menu_order":33,"comment_status":"closed","ping_status":"open","template":"","meta":{"generate_page_header":"","footnotes":""},"class_list":["post-553","page","type-page","status-publish"],"_links":{"self":[{"href":"https:\/\/www.workinged.nl\/de\/wp-json\/wp\/v2\/pages\/553","targetHints":{"allow":["GET"]}}],"collection":[{"href":"https:\/\/www.workinged.nl\/de\/wp-json\/wp\/v2\/pages"}],"about":[{"href":"https:\/\/www.workinged.nl\/de\/wp-json\/wp\/v2\/types\/page"}],"author":[{"embeddable":true,"href":"https:\/\/www.workinged.nl\/de\/wp-json\/wp\/v2\/users\/1001002"}],"replies":[{"embeddable":true,"href":"https:\/\/www.workinged.nl\/de\/wp-json\/wp\/v2\/comments?post=553"}],"version-history":[{"count":0,"href":"https:\/\/www.workinged.nl\/de\/wp-json\/wp\/v2\/pages\/553\/revisions"}],"wp:attachment":[{"href":"https:\/\/www.workinged.nl\/de\/wp-json\/wp\/v2\/media?parent=553"}],"curies":[{"name":"wp","href":"https:\/\/api.w.org\/{rel}","templated":true}]}}