{"id":620,"date":"2013-11-12T09:56:35","date_gmt":"2013-11-12T08:56:35","guid":{"rendered":"https:\/\/workinged.nl\/?page_id=620"},"modified":"2017-09-28T10:27:05","modified_gmt":"2017-09-28T08:27:05","slug":"referenzen","status":"publish","type":"page","link":"https:\/\/www.workinged.nl\/de\/referenzen\/","title":{"rendered":"Referenzen"},"content":{"rendered":"<h1>\n\t<\/h1>\n<p>Nun sind drei Tage bei meinem neuen Arbeitgeber vergangen. Viel kann ich Euch noch nicht erz\u00e4hlen. Nur sind alle sehr zuvorkommend und hilfsbereit. Montag fliege ich f\u00fcr meinen neuen Arbeitgeber 12 Tage nach Turin. Ich wollte mich eigentlich nochmal bei Euch bedanken, Ihr seit wirklich ein klasse Team. Jederzeit konnte ich Euch fragen, ich musste mich nicht verstellen, habe mich wohl gef\u00fchlt. W\u00fcrde Euch gerne irgendwann mal wiedersehen!!! Erik, Dir wollte ich wirklich nochmal aus tiefstem Herzen danken. Du hattest immer ein offenes Ohr f\u00fcr mich, hast mir Rede und Antwort gestanden und Dich versucht in meine Lage zu versetzen und warst vor allem verst\u00e4ndnisvoll. Das ist heutzutage nicht mehr selbstverst\u00e4ndlich!<\/p>\n<h3>Cost Estimator &#8211; Comau<\/h3>\n<p>Having worked for three months&#8216; temporary employment I encountered Erik as an experienced, result-driven and open-minded manager. He is always reachable for his employees and provides hands-on and sensible advice.<\/p>\n<h3> Katja Both \u2013 SAP Developer<\/h3>\n<p>Als startend commercieel manager heb ik erg veel profijt gehad van de enorme ervaring die Erik op het HR-vlak heeft. Voor ieder personeelsvraagstuk had Erik een oplossing paraat. Dit op een betrouwbare, doelgerichte, en altijd persoonlijke wijze. Los van zijn vakbekwaamheid heb ik Erik leren kennen als ge\u00efnteresseerd en een prettig persoon om mee te werken!<\/p>\n<h3>Thijs van Niekerk \u2013 Voormalig Vestigingsmanager maandag Eindhoven<\/h3>\n<p>Ich freue mich riesig :-))) und danke euch f\u00fcr die spitzen Vermittlung. Es war echt sehr angenehm mit euch an dieser Sache zu arbeiten und ich werde euch als Personalvermittler weiter empfehlen! Sch\u00f6ne Gr\u00fc\u00dfe und ein sch\u00f6nes Wochenende w\u00fcnsche ich euch!!!<\/p>\n<h3>Maite Marquez \u2013 Teamleader Purchasing &#8211; Comau<\/h3>\n<p>Erik gaat goed voorbereid en discreet te werk. Hij heeft voor ons een goede selectie gemaakt in het enorme aanbod bij onze openstaande vacature. Zeer positief ervaren dat hij het proces ook achteraf blijft volgen nadat de vacature ingevuld was.<\/p>\n<h3>Joep Wijnands \u2013 Director\/Owner \u2013 Dom vd Bergh Technische Installaties<\/h3>\n<p>Erik Dols hat mir eine sehr gute Position in Maastricht vermittelt, die genau meinen Vorstellungen entspricht. Ich habe bereits mit mehreren Personalvermittlern zusammen gearbeitet. Er ist der beste Vermittler, den ich kennen gelernt habe. Sehr zuverl\u00e4ssig, professionell und ergebnisorientiert. Auch nach der Vermittlung ist Erik immer ansprechbar und sehr hilfsbereit. Die Zusammenarbeit mit Erik ist absolut empfehlenswert!<\/p>\n<h3>Natalja Bohm \u2013 Scala<\/h3>\n<p>Voor diverse trajecten heb ik contact gehad met Erik, hetgeen resulteerde in deze opdracht. Ik heb Erik leren kennen als een betrouwbare en daadkrachtige professional, die veel waarde hecht aan nakomen van afspraken. In de omgang is Erik een prettig persoon die aandacht heeft voor zowel het zakelijke als het sociale aspect.<\/p>\n<h3>Robin van Duin \u2013 Financial Expert<\/h3>\n<p>Erik is a enthousiastic and driven person with good people management skills .He brings processes and people further by his experience and ideas. On top of that a great person to work with!<\/p>\n<h3>Leon Coolen \u2013 Former Warehousemanager DocMorris <\/h3>\n<p>WorkingED helped me in a professional way to find the right job. Erik Dols is striving for the best for both the candidate as well as for the employer. From the first step until the last step, Erik showed great devotion in my search for a job. I would strongly recommend using WorkingED and the help of Erik for recruiting or as a HR professional. I am convinced that the personal touch and skilled way of working, will give you the result you want!<\/p>\n<h3>Sean Wilms \u2013 Area Sales Manager \u2013 Scala Computer Television<\/h3>\n<p>I have known Erik since 1998, over the years he has repeatedly shown an exceptional ability to understand and match the needs of both the employer and the employee, which I have found to be invaluable. Our recent encounter proved once again to be open and honest. In this process my unquestionable trust in Eric has once again been confirmed. It&#8217;s in my sincere belief that, any company looking for recruitment solutions will be in safe hands with Erik.<\/p>\n<h3>Bernie Woolford \u2013 Temporary Financial Employee Scala<\/h3>\n<p>Ik heb Erik kort geleden leren kennen als een zeer gedreven persoon met een grote passie voor z&#8217;n werk. Hij is erg doelbewust en wist mij binnen no time aan een nieuwe baan te helpen waarvoor ik hem erg dankbaar ben! Wat &#8218;m siert is zijn &#8222;menselijkheid&#8220; en persoonlijke benadering.<\/p>\n<h3>Melissa Baggen \u2013 Personeelsfunctionaris Geoniustimonial<\/h3>\n<p>Erik is a reliable professional with a strong drive to get things done. He\u00b4s got a strong focus on restults as well as on people.<\/p>\n<h3>Joost Hack \u2013 Head of HR DocMorrismonial<\/h3>\n<p>Erik heeft mij als kandidaat begeleid in een een werving- en selectieprocedure welke ik als zeer prettig en professioneel heb ervaren. De communicatie tijdens deze procedure was open en helder en ik kreeg ook een snelle terugkoppeling. Dit heeft allemaal geleid tot een succesvolle plaatsing van mij als kandidaat op een leuke functie. Al met al een top dienstverlening!<\/p>\n<h3>Marjolein Scholl &#8211; Receptionist\/Administratief medewerker &#8211; Dom vd Bergh Technische Installaties<\/h3>\n","protected":false},"excerpt":{"rendered":"<p>Nun sind drei Tage bei meinem neuen Arbeitgeber vergangen. Viel kann ich Euch noch nicht erz\u00e4hlen. Nur sind alle sehr zuvorkommend und hilfsbereit. Montag fliege ich f\u00fcr meinen neuen Arbeitgeber 12 Tage nach Turin. Ich wollte mich eigentlich nochmal bei Euch bedanken, Ihr seit wirklich ein klasse Team. Jederzeit konnte ich Euch fragen, ich musste &#8230; <a title=\"Referenzen\" class=\"read-more\" href=\"https:\/\/www.workinged.nl\/de\/referenzen\/\" aria-label=\"Mehr dazu unter Referenzen\">Weiterlesen<\/a><\/p>\n","protected":false},"author":1001002,"featured_media":0,"parent":0,"menu_order":40,"comment_status":"closed","ping_status":"closed","template":"","meta":{"generate_page_header":"","footnotes":""},"class_list":["post-620","page","type-page","status-publish"],"_links":{"self":[{"href":"https:\/\/www.workinged.nl\/de\/wp-json\/wp\/v2\/pages\/620","targetHints":{"allow":["GET"]}}],"collection":[{"href":"https:\/\/www.workinged.nl\/de\/wp-json\/wp\/v2\/pages"}],"about":[{"href":"https:\/\/www.workinged.nl\/de\/wp-json\/wp\/v2\/types\/page"}],"author":[{"embeddable":true,"href":"https:\/\/www.workinged.nl\/de\/wp-json\/wp\/v2\/users\/1001002"}],"replies":[{"embeddable":true,"href":"https:\/\/www.workinged.nl\/de\/wp-json\/wp\/v2\/comments?post=620"}],"version-history":[{"count":0,"href":"https:\/\/www.workinged.nl\/de\/wp-json\/wp\/v2\/pages\/620\/revisions"}],"wp:attachment":[{"href":"https:\/\/www.workinged.nl\/de\/wp-json\/wp\/v2\/media?parent=620"}],"curies":[{"name":"wp","href":"https:\/\/api.w.org\/{rel}","templated":true}]}}