{"id":625,"date":"2013-11-12T10:04:50","date_gmt":"2013-11-12T09:04:50","guid":{"rendered":"https:\/\/workinged.nl\/?page_id=625"},"modified":"2017-09-27T14:55:29","modified_gmt":"2017-09-27T12:55:29","slug":"sponsoring","status":"publish","type":"page","link":"https:\/\/www.workinged.nl\/de\/sponsoring\/","title":{"rendered":"Sponsoring"},"content":{"rendered":"<h1>\n\t<\/h1>\n<p>WorkingED m\u00f6chte sich sozial engagieren. Wir m\u00f6chten daher durch Sponsoring Wohlt\u00e4tigkeitsorganisationen unterst\u00fctzen.<\/p>\n<p>Derzeit sponsern wir:<\/p>\n<ul>\n<li>SOS Childern Villages (Kinderdorpen)<\/li>\n<li>Foundation Kika<\/li>\n<li>Oxfam Novib<\/li>\n<li>Kidney Foundation<\/li>\n<\/ul>\n<p>Wenn Sie Frage zum Sponsoring haben, senden Sie uns bitte eine Anfrage an info@WorkingED.<\/p>\n<h3>Sponsoring?<\/h3>\n<p>Dann kontaktieren Sie uns!<\/p>\n<p>\t\t\t<a href=\"https:\/\/workinged.nl\/de\/kontaktt\/\" target=\"_self\" role=\"button\"><br \/>\n\t\t\t\t\t\t\tKontakt<br \/>\n\t\t\t\t\t<\/a><\/p>\n","protected":false},"excerpt":{"rendered":"<p>WorkingED m\u00f6chte sich sozial engagieren. Wir m\u00f6chten daher durch Sponsoring Wohlt\u00e4tigkeitsorganisationen unterst\u00fctzen. Derzeit sponsern wir: SOS Childern Villages (Kinderdorpen) Foundation Kika Oxfam Novib Kidney Foundation Wenn Sie Frage zum Sponsoring haben, senden Sie uns bitte eine Anfrage an info@WorkingED. Sponsoring? Dann kontaktieren Sie uns! Kontakt<\/p>\n","protected":false},"author":1001002,"featured_media":0,"parent":0,"menu_order":45,"comment_status":"closed","ping_status":"closed","template":"","meta":{"generate_page_header":"","footnotes":""},"class_list":["post-625","page","type-page","status-publish"],"_links":{"self":[{"href":"https:\/\/www.workinged.nl\/de\/wp-json\/wp\/v2\/pages\/625","targetHints":{"allow":["GET"]}}],"collection":[{"href":"https:\/\/www.workinged.nl\/de\/wp-json\/wp\/v2\/pages"}],"about":[{"href":"https:\/\/www.workinged.nl\/de\/wp-json\/wp\/v2\/types\/page"}],"author":[{"embeddable":true,"href":"https:\/\/www.workinged.nl\/de\/wp-json\/wp\/v2\/users\/1001002"}],"replies":[{"embeddable":true,"href":"https:\/\/www.workinged.nl\/de\/wp-json\/wp\/v2\/comments?post=625"}],"version-history":[{"count":0,"href":"https:\/\/www.workinged.nl\/de\/wp-json\/wp\/v2\/pages\/625\/revisions"}],"wp:attachment":[{"href":"https:\/\/www.workinged.nl\/de\/wp-json\/wp\/v2\/media?parent=625"}],"curies":[{"name":"wp","href":"https:\/\/api.w.org\/{rel}","templated":true}]}}