{"id":632,"date":"2013-09-16T15:29:31","date_gmt":"2013-09-16T15:29:31","guid":{"rendered":"https:\/\/workinged.nl\/home-v-2\/"},"modified":"2023-01-31T11:30:50","modified_gmt":"2023-01-31T10:30:50","slug":"home-v","status":"publish","type":"page","link":"https:\/\/www.workinged.nl\/de\/","title":{"rendered":"Home"},"content":{"rendered":"\n\n\t\t\t<img decoding=\"async\" loading='false' src=\"https:\/\/workinged.nl\/wp-content\/uploads\/2016\/02\/slide2.jpg\" alt=\"\" \/>\t\t\t\n\t\t\t\t<h2>Your recruitment partner for Germany and The Netherlands<\/h2>We value quality, not quantity, and focus on establishing long-term<br \/>\nrelationships with clients based on honesty, respect and fairness.\n\t\t\t<a href=\"https:\/\/workinged.nl\/de\/stellenangebote\/\" target=\"_self\" role=\"button\" rel=\"noopener\">\n\t\t\t\t\t\t\tSTELLENANGEBOTE\n\t\t\t\t\t<\/a>\n<h2>\n\t\tUNSERE DIENSTLEISTUNGEN\n\t<\/h2>\n\t<p>WorkingED ist Ihr Partner f\u00fcr Executive Search \/ Direktvermittlung, Rekrutierung Dienstleistungen und HR Projektarbeit.<\/p>\n\t\t\t\t\t\t<a href=\"https:\/\/workinged.nl\/executive-search-werving-selectie\/\" target=\"_self\" rel=\"noopener\">\n\t\t\t\t\t\t\t<img decoding=\"async\" src=\"https:\/\/workinged.nl\/wp-content\/uploads\/2013\/10\/executivesearch.png\" alt=\"executivesearch\" \/>\n\t\t\t\t\t\t<\/a>\n\t\t<h4>Executive Search \/ Werving &#038; Selectie<\/h4>\n\t\t\t<p>WorkingED Executive Search wird durch Vertrauen und eine sehr proaktive Haltung gegen\u00fcber dem Arbeitsmarkt gekennzeichnet. Unsere Kandidaten bewegen sich in der Regel zu einem zweiten, dritten oder vierten Schritt ihrer Laufbahn (Karriere).<\/p>\t\t\n\t\t\t\t<a href=\"https:\/\/workinged.nl\/executive-search-werving-selectie\/\" role=\"button\" target=\"_self\" rel=\"noopener\">\n\t\t\t\t\t\t\t\t\t\tweiter lesen\t\t\t\t\t\t\t\t\t<\/a>\n\t\t\t\t\t\t<a href=\"https:\/\/workinged.nl\/de\/recruitment-dienstleistungen\/\" target=\"_self\" rel=\"noopener\">\n\t\t\t\t\t\t\t<img decoding=\"async\" src=\"https:\/\/workinged.nl\/wp-content\/uploads\/2013\/10\/recruitment.png\" alt=\"recruitment\" \/>\n\t\t\t\t\t\t<\/a>\n\t\t<h4>Recruitment Dienstleistungen<\/h4>\n\t\t\t<p>Unsere Berater sind erfahrene Recruitmentspezialisten. In einer Situation mit geringer Arbeitslosigkeit spielt das Recruitment eine wesentliche Rolle. Wir bereiten einen attraktiven Anzeigentext vor und sorgen daf\u00fcr, dass die richtige Zielgruppe angesprochen wird.<\/p>\t\t\n\t\t\t\t<a href=\"https:\/\/workinged.nl\/de\/recruitment-dienstleistungen\/\" role=\"button\" target=\"_self\" rel=\"nofollow noopener\">\n\t\t\t\t\t\t\t\t\t\tweiter lesen\t\t\t\t\t\t\t\t\t<\/a>\n\t\t\t\t\t\t<a href=\"https:\/\/workinged.nl\/de\/consultancy-projektarbeit\/\" target=\"_self\" rel=\"noopener\">\n\t\t\t\t\t\t\t<img decoding=\"async\" src=\"https:\/\/workinged.nl\/wp-content\/uploads\/2013\/10\/hrmanagement.png\" alt=\"hrmanagement\" \/>\n\t\t\t\t\t\t<\/a>\n\t\t<h4>HR Projektarbeit (Ad Interim)<\/h4>\n\t\t\t<p>WorkingED verf\u00fcgt \u00fcber ein gro\u00dfes internationales Netzwerk von erfahrenen Fach- und F\u00fchrungskr\u00e4ften in verschiedenen Bereichen wie Personalwesen, Finance &amp; Control, IT, Engineering, Management, Logistik und Supply Chain.<\/p>\t\t\n\t\t\t\t<a href=\"https:\/\/workinged.nl\/de\/consultancy-projektarbeit\/\" role=\"button\" target=\"_self\" rel=\"noopener\">\n\t\t\t\t\t\t\t\t\t\tweiter lesen\t\t\t\t\t\t\t\t\t<\/a>\n<h2>\n\t\tNeuigkeiten\n\t<\/h2>\n\t<meta itemscope itemprop=\"mainEntityOfPage\" itemtype=\"https:\/\/schema.org\/WebPage\" itemid=\"https:\/\/workinged.nl\/de\/een-plek-waar-ik-zelf-wel-zou-willen-werken\/\" content=\"Een plek waar ik zelf wel zou willen werken\" \/><meta itemprop=\"datePublished\" content=\"2022-12-14\" \/><meta itemprop=\"dateModified\" content=\"2022-12-14\" \/><meta itemprop=\"name\" content=\"Working ED\"\/><meta itemprop=\"url\" content=\"https:\/\/workinged.nl\/de\/author\/erik\/\" \/><meta itemprop=\"name\" content=\"Erik Dols\" \/><meta itemprop=\"url\" content=\"https:\/\/workinged.nl\/wp-content\/uploads\/2022\/12\/Taart.jpg\" \/><meta itemprop=\"width\" content=\"480\" \/><meta itemprop=\"height\" content=\"640\" \/><meta itemprop=\"interactionType\" content=\"https:\/\/schema.org\/CommentAction\" \/><meta itemprop=\"userInteractionCount\" content=\"0\" \/>\n\t\t\t\t<a href=\"https:\/\/workinged.nl\/de\/een-plek-waar-ik-zelf-wel-zou-willen-werken\/\" target=\"_self\" itemprop=\"url\" rel=\"noopener\">\n\t\t\t\t<img loading=\"lazy\" decoding=\"async\" src=\"https:\/\/workinged.nl\/wp-content\/uploads\/2022\/12\/Taart-150x150.jpg\" alt=\"Taart\" itemprop=\"image\" data-no-lazy=\"1\" height=\"150\" width=\"150\" title=\"Taart\" onerror=\"this.style.display='none'\"  \/>\n\t\t\t\t<\/a>\n\t\t\t\t\t\t\tDez\n\t\t\t\t14\n\t\t\t\t\t\t\t\t\t<h4 itemprop=\"headline\">\n\t\t\t\t\t\t\t\t\t\t\t\t\t<a href=\"https:\/\/workinged.nl\/de\/een-plek-waar-ik-zelf-wel-zou-willen-werken\/\" title=\"Een plek waar ik zelf wel zou willen werken\">\n\t\t\t\t\t\t\t\t\t\t\t\t\t\tEen plek waar ik zelf wel zou willen werken\t\t\t\t\t\t\t\t\t\t\t\t\t<\/a>\n\t\t\t\t\t\t\t\t\t\t\t<\/h4>\n\t<meta itemscope itemprop=\"mainEntityOfPage\" itemtype=\"https:\/\/schema.org\/WebPage\" itemid=\"https:\/\/workinged.nl\/de\/a-business-that-makes-nothing-but-money-is-a-poor-business-henry-ford\/\" content=\"&#8222;A business that makes nothing but money, is a poor business.&#8220;\u200b - Henry Ford\" \/><meta itemprop=\"datePublished\" content=\"2022-12-08\" \/><meta itemprop=\"dateModified\" content=\"2022-12-08\" \/><meta itemprop=\"name\" content=\"Working ED\"\/><meta itemprop=\"url\" content=\"https:\/\/workinged.nl\/de\/author\/erik\/\" \/><meta itemprop=\"name\" content=\"Erik Dols\" \/><meta itemprop=\"url\" content=\"https:\/\/workinged.nl\/wp-content\/uploads\/2022\/12\/Sponsoring-2022.jpg\" \/><meta itemprop=\"width\" content=\"640\" \/><meta itemprop=\"height\" content=\"342\" \/><meta itemprop=\"interactionType\" content=\"https:\/\/schema.org\/CommentAction\" \/><meta itemprop=\"userInteractionCount\" content=\"0\" \/>\n\t\t\t\t<a href=\"https:\/\/workinged.nl\/de\/a-business-that-makes-nothing-but-money-is-a-poor-business-henry-ford\/\" target=\"_self\" itemprop=\"url\" rel=\"noopener\">\n\t\t\t\t<img loading=\"lazy\" decoding=\"async\" src=\"https:\/\/workinged.nl\/wp-content\/uploads\/2022\/12\/Sponsoring-2022-150x150.jpg\" alt=\"Sponsoring 2022\" itemprop=\"image\" data-no-lazy=\"1\" height=\"150\" width=\"150\" title=\"Sponsoring 2022\" onerror=\"this.style.display='none'\"  \/>\n\t\t\t\t<\/a>\n\t\t\t\t\t\t\tDez\n\t\t\t\t08\n\t\t\t\t\t\t\t\t\t<h4 itemprop=\"headline\">\n\t\t\t\t\t\t\t\t\t\t\t\t\t<a href=\"https:\/\/workinged.nl\/de\/a-business-that-makes-nothing-but-money-is-a-poor-business-henry-ford\/\" title=\"&#8222;A business that makes nothing but money, is a poor business.&#8220;\u200b - Henry Ford\">\n\t\t\t\t\t\t\t\t\t\t\t\t\t\t&#8222;A business that makes nothing but money, is a poor business.&#8220;\u200b &#8211; Henry Ford\t\t\t\t\t\t\t\t\t\t\t\t\t<\/a>\n\t\t\t\t\t\t\t\t\t\t\t<\/h4>\n\t<meta itemscope itemprop=\"mainEntityOfPage\" itemtype=\"https:\/\/schema.org\/WebPage\" itemid=\"https:\/\/workinged.nl\/de\/team-workinged-wishes-you-a-merry-christmas-happy-new-year-2\/\" content=\"Team WorkingED wishes you a Merry Christmas &amp; Happy New Year\" \/><meta itemprop=\"datePublished\" content=\"2022-12-08\" \/><meta itemprop=\"dateModified\" content=\"2022-12-08\" \/><meta itemprop=\"name\" content=\"Working ED\"\/><meta itemprop=\"url\" content=\"https:\/\/workinged.nl\/de\/author\/erik\/\" \/><meta itemprop=\"name\" content=\"Erik Dols\" \/><meta itemprop=\"interactionType\" content=\"https:\/\/schema.org\/CommentAction\" \/><meta itemprop=\"userInteractionCount\" content=\"0\" \/>\n\t\t\t\t<a href=\"https:\/\/workinged.nl\/de\/team-workinged-wishes-you-a-merry-christmas-happy-new-year-2\/\" target=\"_self\" itemprop=\"url\" rel=\"noopener\">\n\t\t\t\t<img decoding=\"async\" src=\"https:\/\/workinged.nl\/wp-content\/uploads\/2021\/12\/Kerst-2021-2-1024x759.jpg\" alt=\"\" itemprop=\"image\" data-no-lazy=\"1\" onerror=\"this.style.display='none'\"  \/>\n\t\t\t\t<\/a>\n\t\t\t\t\t\t\tDez\n\t\t\t\t08\n\t\t\t\t\t\t\t\t\t<h4 itemprop=\"headline\">\n\t\t\t\t\t\t\t\t\t\t\t\t\t<a href=\"https:\/\/workinged.nl\/de\/team-workinged-wishes-you-a-merry-christmas-happy-new-year-2\/\" title=\"Team WorkingED wishes you a Merry Christmas &amp; Happy New Year\">\n\t\t\t\t\t\t\t\t\t\t\t\t\t\tTeam WorkingED wishes you a Merry Christmas &amp; Happy New Year\t\t\t\t\t\t\t\t\t\t\t\t\t<\/a>\n\t\t\t\t\t\t\t\t\t\t\t<\/h4>\n\t<meta itemscope itemprop=\"mainEntityOfPage\" itemtype=\"https:\/\/schema.org\/WebPage\" itemid=\"https:\/\/workinged.nl\/de\/taten-statt-worte-das-ist-es-was-wir-bei-workinged-lieben\/\" content=\"Taten statt Worte, das ist es, was wir bei WorkingED lieben\" \/><meta itemprop=\"datePublished\" content=\"2022-11-15\" \/><meta itemprop=\"dateModified\" content=\"2022-11-15\" \/><meta itemprop=\"name\" content=\"Working ED\"\/><meta itemprop=\"url\" content=\"https:\/\/workinged.nl\/de\/author\/erik\/\" \/><meta itemprop=\"name\" content=\"Erik Dols\" \/><meta itemprop=\"url\" content=\"https:\/\/workinged.nl\/wp-content\/uploads\/2022\/11\/aaataart-1.jpg\" \/><meta itemprop=\"width\" content=\"640\" \/><meta itemprop=\"height\" content=\"480\" \/><meta itemprop=\"interactionType\" content=\"https:\/\/schema.org\/CommentAction\" \/><meta itemprop=\"userInteractionCount\" content=\"0\" \/>\n\t\t\t\t<a href=\"https:\/\/workinged.nl\/de\/taten-statt-worte-das-ist-es-was-wir-bei-workinged-lieben\/\" target=\"_self\" itemprop=\"url\" rel=\"noopener\">\n\t\t\t\t<img loading=\"lazy\" decoding=\"async\" src=\"https:\/\/workinged.nl\/wp-content\/uploads\/2022\/11\/aaataart-1-150x150.jpg\" alt=\"aaataart-1\" itemprop=\"image\" data-no-lazy=\"1\" height=\"150\" width=\"150\" title=\"aaataart-1\" onerror=\"this.style.display='none'\"  \/>\n\t\t\t\t<\/a>\n\t\t\t\t\t\t\tNov\n\t\t\t\t15\n\t\t\t\t\t\t\t\t\t<h4 itemprop=\"headline\">\n\t\t\t\t\t\t\t\t\t\t\t\t\t<a href=\"https:\/\/workinged.nl\/de\/taten-statt-worte-das-ist-es-was-wir-bei-workinged-lieben\/\" title=\"Taten statt Worte, das ist es, was wir bei WorkingED lieben\">\n\t\t\t\t\t\t\t\t\t\t\t\t\t\tTaten statt Worte, das ist es, was wir bei WorkingED lieben\t\t\t\t\t\t\t\t\t\t\t\t\t<\/a>\n\t\t\t\t\t\t\t\t\t\t\t<\/h4>\n\t<meta itemscope itemprop=\"mainEntityOfPage\" itemtype=\"https:\/\/schema.org\/WebPage\" itemid=\"https:\/\/workinged.nl\/de\/breaking-news-danielle-dohmen-claessens-has-joined-our-recruitment-team\/\" content=\"Breaking news: Dani\u00eblle Dohmen Claessens has joined our recruitment team\" \/><meta itemprop=\"datePublished\" content=\"2022-04-01\" \/><meta itemprop=\"dateModified\" content=\"2022-04-01\" \/><meta itemprop=\"name\" content=\"Working ED\"\/><meta itemprop=\"url\" content=\"https:\/\/workinged.nl\/de\/author\/erik\/\" \/><meta itemprop=\"name\" content=\"Erik Dols\" \/><meta itemprop=\"url\" content=\"https:\/\/workinged.nl\/wp-content\/uploads\/2022\/04\/Danielle-Dohmen-foto.jpg\" \/><meta itemprop=\"width\" content=\"480\" \/><meta itemprop=\"height\" content=\"640\" \/><meta itemprop=\"interactionType\" content=\"https:\/\/schema.org\/CommentAction\" \/><meta itemprop=\"userInteractionCount\" content=\"0\" \/>\n\t\t\t\t<a href=\"https:\/\/workinged.nl\/de\/breaking-news-danielle-dohmen-claessens-has-joined-our-recruitment-team\/\" target=\"_self\" itemprop=\"url\" rel=\"noopener\">\n\t\t\t\t<img loading=\"lazy\" decoding=\"async\" src=\"https:\/\/workinged.nl\/wp-content\/uploads\/2022\/04\/Danielle-Dohmen-foto-150x150.jpg\" alt=\"Danielle Dohmen foto\" itemprop=\"image\" data-no-lazy=\"1\" height=\"150\" width=\"150\" title=\"Danielle Dohmen foto\" onerror=\"this.style.display='none'\"  \/>\n\t\t\t\t<\/a>\n\t\t\t\t\t\t\tApr\n\t\t\t\t01\n\t\t\t\t\t\t\t\t\t<h4 itemprop=\"headline\">\n\t\t\t\t\t\t\t\t\t\t\t\t\t<a href=\"https:\/\/workinged.nl\/de\/breaking-news-danielle-dohmen-claessens-has-joined-our-recruitment-team\/\" title=\"Breaking news: Dani\u00eblle Dohmen Claessens has joined our recruitment team\">\n\t\t\t\t\t\t\t\t\t\t\t\t\t\tBreaking news: Dani\u00eblle Dohmen Claessens has joined our recruitment team\t\t\t\t\t\t\t\t\t\t\t\t\t<\/a>\n\t\t\t\t\t\t\t\t\t\t\t<\/h4>\n\t\t\t\t<ul class='page-numbers'>\n\t<li>1<\/li>\n\t<li><a href=\"https:\/\/workinged.nl\/de\/page\/2\/?fl_builder\">2<\/a><\/li>\n\t<li><a href=\"https:\/\/workinged.nl\/de\/page\/3\/?fl_builder\">3<\/a><\/li>\n\t<li>&hellip;<\/li>\n\t<li><a href=\"https:\/\/workinged.nl\/de\/page\/8\/?fl_builder\">8<\/a><\/li>\n\t<li><a href=\"https:\/\/workinged.nl\/de\/page\/2\/?fl_builder\">Weiter &raquo;<\/a><\/li>\n<\/ul>\n\t\t<!-- .pp-content-posts -->\n\t\t<h3>M\u00f6chten Sie der n\u00e4chste Kandidat sein, mit dem wir eine neue Position erfolgreich besetzen?<\/h3>\n\t\t<p>Dann kontaktieren Sie uns!<\/p>\n\t\t\t<a href=\"https:\/\/workinged.nl\/de\/contact\/\" target=\"_self\" role=\"button\" rel=\"noopener\">\n\t\t\t\t\t\t\tKontakt\n\t\t\t\t\t<\/a>\n\n","protected":false},"excerpt":{"rendered":"<p>Your recruitment partner for Germany and The Netherlands We value quality, not quantity, and focus on establishing long-term relationships with clients based on honesty, respect and fairness. STELLENANGEBOTE UNSERE DIENSTLEISTUNGEN WorkingED ist Ihr Partner f\u00fcr Executive Search \/ Direktvermittlung, Rekrutierung Dienstleistungen und HR Projektarbeit. Executive Search \/ Werving &#038; Selectie WorkingED Executive Search wird durch &#8230; <a title=\"Home\" class=\"read-more\" href=\"https:\/\/www.workinged.nl\/de\/\" aria-label=\"Mehr dazu unter Home\">Weiterlesen<\/a><\/p>\n","protected":false},"author":1001002,"featured_media":0,"parent":0,"menu_order":20,"comment_status":"closed","ping_status":"open","template":"","meta":{"generate_page_header":"","footnotes":""},"class_list":["post-632","page","type-page","status-publish"],"_links":{"self":[{"href":"https:\/\/www.workinged.nl\/de\/wp-json\/wp\/v2\/pages\/632","targetHints":{"allow":["GET"]}}],"collection":[{"href":"https:\/\/www.workinged.nl\/de\/wp-json\/wp\/v2\/pages"}],"about":[{"href":"https:\/\/www.workinged.nl\/de\/wp-json\/wp\/v2\/types\/page"}],"author":[{"embeddable":true,"href":"https:\/\/www.workinged.nl\/de\/wp-json\/wp\/v2\/users\/1001002"}],"replies":[{"embeddable":true,"href":"https:\/\/www.workinged.nl\/de\/wp-json\/wp\/v2\/comments?post=632"}],"version-history":[{"count":0,"href":"https:\/\/www.workinged.nl\/de\/wp-json\/wp\/v2\/pages\/632\/revisions"}],"wp:attachment":[{"href":"https:\/\/www.workinged.nl\/de\/wp-json\/wp\/v2\/media?parent=632"}],"curies":[{"name":"wp","href":"https:\/\/api.w.org\/{rel}","templated":true}]}}