{"id":759,"date":"2014-01-13T12:24:03","date_gmt":"2014-01-13T11:24:03","guid":{"rendered":"https:\/\/workinged.nl\/?page_id=759"},"modified":"2017-09-28T10:34:17","modified_gmt":"2017-09-28T08:34:17","slug":"our-references","status":"publish","type":"page","link":"https:\/\/www.workinged.nl\/en\/our-references\/","title":{"rendered":"Our references"},"content":{"rendered":"<h1>\n\t<\/h1>\n<h3>Harry Horn \u2013 General Manager \u2013 Scala<\/h3>\n<p>Erik is a loyal and very experienced HR Manager with humor. During the time we worked together at GreenPower he took the company to a higher and more professional level from a Human Resource perspective. His door is always open. His actions are result-driven, without losing focus for individual needs and strengths of an employee.<\/p>\n<h3>Luca Civitico \u2013 HR EMEA \u2013 Comau<\/h3>\n<p>I had the opportunity to work with Erik in Germany with positive results.<br \/>Erik is characterised by a strong drive towards action, a focus on results and determination. He pays attention to the customer and tackles new situations with energy and a &#8220;can do&#8221; attitude.<\/p>\n<h3>Corn\u00e9 van der Vaart \u2013 ICT Engineer \u2013 BCT<\/h3>\n<p>WorkingED contacted me about a job in the region I was searching for. The style of contact which WorkingED uses is completely different then most other recruiters\/headhunters. Real honest, personal and clear communication in the way which suited me at that certain moment.\u00a0<br \/>I thank Erik and WorkingED for the effort they have put in the process of getting to my new challenging job.\u00a0<\/p>\n<h3>Erika Nigro \u2013 HR Country Manager \u2013 ASSA Abloy Entrance Systems<\/h3>\n<p>I had the opportunity to work with Erik and WorkingED in a recruitment project we had in NL and Germany. I can say that Erik and Kim are two fantastic business partners capable to completely undestand the Company (and HR) needs and giving a professional and constant support during the whole process. The short list they presented us seemed to be designed on our requirements. Further, they were really transparent and honest during the process without pressing for closing quickly but trying to understand and solve our doubts&#8230; the right way for building a long and trustable cooperation. I would strongly suggest them as HR problem solvers!<\/p>\n<h3>Harald Degens \u2013 Director of Finance and Operations \u2013 SHI non-food concepts<\/h3>\n<p>At the start of 2016 SHI hired Erik\/WorkingED as an HRM-interim. The objective: further professionalization of the HRM department and to hire some key-staff. The assignment was successfully completed by: quickly, adequately and professionally operating \u2013 always internally focusing on the feasibility \u2013 monitoring that the right balance will be achieve between the client \/ candidates interests. Summarized: Erik\/WorkingED was the right business partner for SHI.<\/p>\n<h3>Nicolas Schulze \u2013 Inside Sales   &#8211; AMCO International<\/h3>\n<p>Erik Dols ist ein absoluter Superstar auf dem Gebiet von Recruitment und HR Business. Nach meinem Studium hat er mich hervorragend beraten und betreut bei der Suche nach einem Job. Mit seiner Unterst\u00fctzung fand ich schnell eine passende und anspruchsvolle Arbeit. Die Zusammenarbeit war stets positiv und professionell. Ich kann Working ED uneingeschr\u00e4nkt weiter empfehlen.<\/p>\n<h3>William Boxem \u2013 Area Sales Manager \u2013 Entrematic<\/h3>\n<p>Erik Dols was of great help in the process of my move to Entrematic.\u00a0<br \/>After he got in touch with me, he took my remarks and questions seriously and was persistent to get the right answers, honest and clear.\u00a0<br \/>Even after pen was put to paper, he advised me in several ways to make sure that I would be satisfied in my new position.<br \/>It was therefore a pleasure communicating with him and I can recommend him to any candidate who is open for a new (international) challenge.<\/p>\n<h3>Jan Schumacher \u2013 Accountmanager &#8211; Scholt Energy Control<\/h3>\n<p>Erik hat mich f\u00fcr eine Stelle als Account Manager bei einem niederl\u00e4ndischen Unternehmen rekrutiert. Eine sehr seri\u00f6se Arbeitsweise! Den Job habe ich bekommen und bin bisher sehr zufrieden. Absolut zu empfehlen!<\/p>\n<h3>Cost Estimator &#8211; Comau<\/h3>\n<p>Nun sind drei Tage bei meinem neuen Arbeitgeber vergangen. Viel kann ich Euch noch nicht erz\u00e4hlen. Nur sind alle sehr zuvorkommend und hilfsbereit. Montag fliege ich f\u00fcr meinen neuen Arbeitgeber 12 Tage nach Turin. Ich wollte mich eigentlich nochmal bei Euch bedanken, Ihr seit wirklich ein klasse Team. Jederzeit konnte ich Euch fragen, ich musste mich nicht verstellen, habe mich wohl gef\u00fchlt. W\u00fcrde Euch gerne irgendwann mal wiedersehen!!! Erik, Dir wollte ich wirklich nochmal aus tiefstem Herzen danken. Du hattest immer ein offenes Ohr f\u00fcr mich, hast mir Rede und Antwort gestanden und Dich versucht in meine Lage zu versetzen und warst vor allem verst\u00e4ndnisvoll. Das ist heutzutage nicht mehr selbstverst\u00e4ndlich!<\/p>\n<h3> Katja Both \u2013 SAP Developer<\/h3>\n<p>Having worked for three months&#8217; temporary employment I encountered Erik as an experienced, result-driven and open-minded manager. He is always reachable for his employees and provides hands-on and sensible advice.<\/p>\n<h3>Thijs van Niekerk \u2013 Voormalig Vestigingsmanager maandag Eindhoven<\/h3>\n<p>Als startend commercieel manager heb ik erg veel profijt gehad van de enorme ervaring die Erik op het HR-vlak heeft. Voor ieder personeelsvraagstuk had Erik een oplossing paraat. Dit op een betrouwbare, doelgerichte, en altijd persoonlijke wijze. Los van zijn vakbekwaamheid heb ik Erik leren kennen als ge\u00efnteresseerd en een prettig persoon om mee te werken!<\/p>\n<h3>Maite Marquez \u2013 Teamleader Purchasing &#8211; Comau<\/h3>\n<p>Ich freue mich riesig :-))) und danke euch f\u00fcr die spitzen Vermittlung. Es war echt sehr angenehm mit euch an dieser Sache zu arbeiten und ich werde euch als Personalvermittler weiter empfehlen! Sch\u00f6ne Gr\u00fc\u00dfe und ein sch\u00f6nes Wochenende w\u00fcnsche ich euch!!!<\/p>\n<h3>Joep Wijnands \u2013 Director\/Owner \u2013 Dom vd Bergh Technische Installaties<\/h3>\n<p>Erik gaat goed voorbereid en discreet te werk. Hij heeft voor ons een goede selectie gemaakt in het enorme aanbod bij onze openstaande vacature. Zeer positief ervaren dat hij het proces ook achteraf blijft volgen nadat de vacature ingevuld was.<\/p>\n<h3>Natalja Bohm \u2013 Scala<\/h3>\n<p>Erik Dols hat mir eine sehr gute Position in Maastricht vermittelt, die genau meinen Vorstellungen entspricht. Ich habe bereits mit mehreren Personalvermittlern zusammen gearbeitet. Er ist der beste Vermittler, den ich kennen gelernt habe. Sehr zuverl\u00e4ssig, professionell und ergebnisorientiert. Auch nach der Vermittlung ist Erik immer ansprechbar und sehr hilfsbereit. Die Zusammenarbeit mit Erik ist absolut empfehlenswert!<\/p>\n<h3>Robin van Duin \u2013 Financial Expert<\/h3>\n<p>Voor diverse trajecten heb ik contact gehad met Erik, hetgeen resulteerde in deze opdracht. Ik heb Erik leren kennen als een betrouwbare en daadkrachtige professional, die veel waarde hecht aan nakomen van afspraken. In de omgang is Erik een prettig persoon die aandacht heeft voor zowel het zakelijke als het sociale aspect.<\/p>\n<h3>Leon Coolen \u2013 Former Warehousemanager DocMorris <\/h3>\n<p>Erik is a enthousiastic and driven person with good people management skills .He brings processes and people further by his experience and ideas. On top of that a great person to work with!<\/p>\n<h3>Sean Wilms \u2013 Area Sales Manager \u2013 Scala Computer Television<\/h3>\n<p>WorkingED helped me in a professional way to find the right job. Erik Dols is striving for the best for both the candidate as well as for the employer. From the first step until the last step, Erik showed great devotion in my search for a job. I would strongly recommend using WorkingED and the help of Erik for recruiting or as a HR professional. I am convinced that the personal touch and skilled way of working, will give you the result you want!<\/p>\n<h3>Bernie Woolford \u2013 Financial Employee Scala<\/h3>\n<p>I have known Erik since 1998, over the years he has repeatedly shown an exceptional ability to understand and match the needs of both the employer and the employee, which I have found to be invaluable. Our recent encounter proved once again to be open and honest. In this process my unquestionable trust in Eric has once again been confirmed. It&#8217;s in my sincere belief that, any company looking for recruitment solutions will be in safe hands with Erik.<\/p>\n<h3>Melissa Baggen \u2013 Personeelsfunctionaris \u2013 Geonius<\/h3>\n<p>Ik heb Erik kort geleden leren kennen als een zeer gedreven persoon met een grote passie voor z&#8217;n werk. Hij is erg doelbewust en wist mij binnen no time aan een nieuwe baan te helpen waarvoor ik hem erg dankbaar ben! Wat &#8216;m siert is zijn &#8220;menselijkheid&#8221; en persoonlijke benadering.<\/p>\n<h3>Joost Hack \u2013 Head of HR \u2013 DocMorris Versandapotheke<\/h3>\n<p>Erik is a reliable professional with a strong drive to get things done. He\u00b4s got a strong focus on restults as well as on people.<\/p>\n<h3>Marjolein Scholl &#8211; Receptionist\/Administratief medewerker &#8211; Dom vd Bergh Technische Installaties<\/h3>\n<p>Erik heeft mij als kandidaat begeleid in een een werving- en selectieprocedure welke ik als zeer prettig en professioneel heb ervaren. De communicatie tijdens deze procedure was open en helder en ik kreeg ook een snelle terugkoppeling. Dit heeft allemaal geleid tot een succesvolle plaatsing van mij als kandidaat op een leuke functie. Al met al een top dienstverlening!<\/p>\n","protected":false},"excerpt":{"rendered":"<p>Harry Horn \u2013 General Manager \u2013 Scala Erik is a loyal and very experienced HR Manager with humor. During the time we worked together at GreenPower he took the company to a higher and more professional level from a Human Resource perspective. His door is always open. His actions are result-driven, without losing focus for &#8230; <a title=\"Our references\" class=\"read-more\" href=\"https:\/\/www.workinged.nl\/en\/our-references\/\" aria-label=\"More on Our references\">Read more<\/a><\/p>\n","protected":false},"author":1001002,"featured_media":0,"parent":0,"menu_order":31,"comment_status":"closed","ping_status":"closed","template":"","meta":{"generate_page_header":"","footnotes":""},"class_list":["post-759","page","type-page","status-publish"],"_links":{"self":[{"href":"https:\/\/www.workinged.nl\/en\/wp-json\/wp\/v2\/pages\/759","targetHints":{"allow":["GET"]}}],"collection":[{"href":"https:\/\/www.workinged.nl\/en\/wp-json\/wp\/v2\/pages"}],"about":[{"href":"https:\/\/www.workinged.nl\/en\/wp-json\/wp\/v2\/types\/page"}],"author":[{"embeddable":true,"href":"https:\/\/www.workinged.nl\/en\/wp-json\/wp\/v2\/users\/1001002"}],"replies":[{"embeddable":true,"href":"https:\/\/www.workinged.nl\/en\/wp-json\/wp\/v2\/comments?post=759"}],"version-history":[{"count":0,"href":"https:\/\/www.workinged.nl\/en\/wp-json\/wp\/v2\/pages\/759\/revisions"}],"wp:attachment":[{"href":"https:\/\/www.workinged.nl\/en\/wp-json\/wp\/v2\/media?parent=759"}],"curies":[{"name":"wp","href":"https:\/\/api.w.org\/{rel}","templated":true}]}}